{"id":2965,"date":"2023-01-06T09:33:35","date_gmt":"2023-01-06T08:33:35","guid":{"rendered":"https:\/\/weclines.com\/sobre-nosotros\/historia-2\/"},"modified":"2025-02-24T18:02:17","modified_gmt":"2025-02-24T17:02:17","slug":"historia","status":"publish","type":"page","link":"https:\/\/weclines.com\/es\/sobre-nosotros\/historia\/","title":{"rendered":"Historia"},"content":{"rendered":"","protected":false},"excerpt":{"rendered":"","protected":false},"author":1,"featured_media":1428,"parent":2372,"menu_order":3,"comment_status":"closed","ping_status":"closed","template":"page-templates\/content.php","meta":{"_acf_changed":false,"footnotes":""},"class_list":["post-2965","page","type-page","status-publish","has-post-thumbnail","hentry"],"acf":[],"yoast_head":"<!-- This site is optimized with the Yoast SEO Premium plugin v27.3 (Yoast SEO v27.3) - https:\/\/yoast.com\/product\/yoast-seo-premium-wordpress\/ -->\n<title>Historia - WEC Lines<\/title>\n<meta name=\"description\" content=\"Si le interesa saber c\u00f3mo hemos llegado hasta donde estamos hoy despu\u00e9s de empezar en 1973, le recomendamos que visite esta p\u00e1gina.\" \/>\n<meta name=\"robots\" content=\"index, follow, max-snippet:-1, max-image-preview:large, max-video-preview:-1\" \/>\n<link rel=\"canonical\" href=\"https:\/\/weclines.com\/es\/sobre-nosotros\/historia\/\" \/>\n<meta property=\"og:locale\" content=\"es_ES\" \/>\n<meta property=\"og:type\" content=\"article\" \/>\n<meta property=\"og:title\" content=\"Historia\" \/>\n<meta property=\"og:description\" content=\"Si le interesa saber c\u00f3mo hemos llegado hasta donde estamos hoy despu\u00e9s de empezar en 1973, le recomendamos que visite esta p\u00e1gina.\" \/>\n<meta property=\"og:url\" content=\"https:\/\/weclines.com\/es\/sobre-nosotros\/historia\/\" \/>\n<meta property=\"og:site_name\" content=\"WEC Lines\" \/>\n<meta property=\"article:modified_time\" content=\"2025-02-24T17:02:17+00:00\" \/>\n<meta property=\"og:image\" content=\"https:\/\/weclines.com\/wp-content\/uploads\/2023\/07\/hms-navigator.png\" \/>\n\t<meta property=\"og:image:width\" content=\"1136\" \/>\n\t<meta property=\"og:image:height\" content=\"790\" \/>\n\t<meta property=\"og:image:type\" content=\"image\/png\" \/>\n<meta name=\"twitter:card\" content=\"summary_large_image\" \/>\n<script type=\"application\/ld+json\" class=\"yoast-schema-graph\">{\"@context\":\"https:\\\/\\\/schema.org\",\"@graph\":[{\"@type\":\"WebPage\",\"@id\":\"https:\\\/\\\/weclines.com\\\/es\\\/sobre-nosotros\\\/historia\\\/\",\"url\":\"https:\\\/\\\/weclines.com\\\/es\\\/sobre-nosotros\\\/historia\\\/\",\"name\":\"Historia - WEC Lines\",\"isPartOf\":{\"@id\":\"https:\\\/\\\/weclines.com\\\/es\\\/#website\"},\"primaryImageOfPage\":{\"@id\":\"https:\\\/\\\/weclines.com\\\/es\\\/sobre-nosotros\\\/historia\\\/#primaryimage\"},\"image\":{\"@id\":\"https:\\\/\\\/weclines.com\\\/es\\\/sobre-nosotros\\\/historia\\\/#primaryimage\"},\"thumbnailUrl\":\"https:\\\/\\\/weclines.com\\\/wp-content\\\/uploads\\\/2023\\\/07\\\/hms-navigator.png\",\"datePublished\":\"2023-01-06T08:33:35+00:00\",\"dateModified\":\"2025-02-24T17:02:17+00:00\",\"description\":\"Si le interesa saber c\u00f3mo hemos llegado hasta donde estamos hoy despu\u00e9s de empezar en 1973, le recomendamos que visite esta p\u00e1gina.\",\"breadcrumb\":{\"@id\":\"https:\\\/\\\/weclines.com\\\/es\\\/sobre-nosotros\\\/historia\\\/#breadcrumb\"},\"inLanguage\":\"es\",\"potentialAction\":[{\"@type\":\"ReadAction\",\"target\":[\"https:\\\/\\\/weclines.com\\\/es\\\/sobre-nosotros\\\/historia\\\/\"]}]},{\"@type\":\"ImageObject\",\"inLanguage\":\"es\",\"@id\":\"https:\\\/\\\/weclines.com\\\/es\\\/sobre-nosotros\\\/historia\\\/#primaryimage\",\"url\":\"https:\\\/\\\/weclines.com\\\/wp-content\\\/uploads\\\/2023\\\/07\\\/hms-navigator.png\",\"contentUrl\":\"https:\\\/\\\/weclines.com\\\/wp-content\\\/uploads\\\/2023\\\/07\\\/hms-navigator.png\",\"width\":1136,\"height\":790},{\"@type\":\"BreadcrumbList\",\"@id\":\"https:\\\/\\\/weclines.com\\\/es\\\/sobre-nosotros\\\/historia\\\/#breadcrumb\",\"itemListElement\":[{\"@type\":\"ListItem\",\"position\":1,\"name\":\"Home\",\"item\":\"https:\\\/\\\/weclines.com\\\/es\\\/\"},{\"@type\":\"ListItem\",\"position\":2,\"name\":\"Sobre nosotros\",\"item\":\"https:\\\/\\\/weclines.com\\\/es\\\/sobre-nosotros\\\/\"},{\"@type\":\"ListItem\",\"position\":3,\"name\":\"Historia\"}]},{\"@type\":\"WebSite\",\"@id\":\"https:\\\/\\\/weclines.com\\\/es\\\/#website\",\"url\":\"https:\\\/\\\/weclines.com\\\/es\\\/\",\"name\":\"WEC Lines\",\"description\":\"Over 50 years of borderless logistics\",\"publisher\":{\"@id\":\"https:\\\/\\\/weclines.com\\\/es\\\/#organization\"},\"potentialAction\":[{\"@type\":\"SearchAction\",\"target\":{\"@type\":\"EntryPoint\",\"urlTemplate\":\"https:\\\/\\\/weclines.com\\\/es\\\/?s={search_term_string}\"},\"query-input\":{\"@type\":\"PropertyValueSpecification\",\"valueRequired\":true,\"valueName\":\"search_term_string\"}}],\"inLanguage\":\"es\"},{\"@type\":\"Organization\",\"@id\":\"https:\\\/\\\/weclines.com\\\/es\\\/#organization\",\"name\":\"WEC Lines\",\"url\":\"https:\\\/\\\/weclines.com\\\/es\\\/\",\"logo\":{\"@type\":\"ImageObject\",\"inLanguage\":\"es\",\"@id\":\"https:\\\/\\\/weclines.com\\\/es\\\/#\\\/schema\\\/logo\\\/image\\\/\",\"url\":\"https:\\\/\\\/weclines.com\\\/wp-content\\\/uploads\\\/2024\\\/03\\\/WEC-Lines-Logo-2024-DarkBlue-Cyan-rgb.jpg\",\"contentUrl\":\"https:\\\/\\\/weclines.com\\\/wp-content\\\/uploads\\\/2024\\\/03\\\/WEC-Lines-Logo-2024-DarkBlue-Cyan-rgb.jpg\",\"width\":842,\"height\":596,\"caption\":\"WEC Lines\"},\"image\":{\"@id\":\"https:\\\/\\\/weclines.com\\\/es\\\/#\\\/schema\\\/logo\\\/image\\\/\"},\"sameAs\":[\"https:\\\/\\\/www.linkedin.com\\\/company\\\/wec-lines\\\/\"]}]}<\/script>\n<!-- \/ Yoast SEO Premium plugin. -->","yoast_head_json":{"title":"Historia - WEC Lines","description":"Si le interesa saber c\u00f3mo hemos llegado hasta donde estamos hoy despu\u00e9s de empezar en 1973, le recomendamos que visite esta p\u00e1gina.","robots":{"index":"index","follow":"follow","max-snippet":"max-snippet:-1","max-image-preview":"max-image-preview:large","max-video-preview":"max-video-preview:-1"},"canonical":"https:\/\/weclines.com\/es\/sobre-nosotros\/historia\/","og_locale":"es_ES","og_type":"article","og_title":"Historia","og_description":"Si le interesa saber c\u00f3mo hemos llegado hasta donde estamos hoy despu\u00e9s de empezar en 1973, le recomendamos que visite esta p\u00e1gina.","og_url":"https:\/\/weclines.com\/es\/sobre-nosotros\/historia\/","og_site_name":"WEC Lines","article_modified_time":"2025-02-24T17:02:17+00:00","og_image":[{"width":1136,"height":790,"url":"https:\/\/weclines.com\/wp-content\/uploads\/2023\/07\/hms-navigator.png","type":"image\/png"}],"twitter_card":"summary_large_image","schema":{"@context":"https:\/\/schema.org","@graph":[{"@type":"WebPage","@id":"https:\/\/weclines.com\/es\/sobre-nosotros\/historia\/","url":"https:\/\/weclines.com\/es\/sobre-nosotros\/historia\/","name":"Historia - WEC Lines","isPartOf":{"@id":"https:\/\/weclines.com\/es\/#website"},"primaryImageOfPage":{"@id":"https:\/\/weclines.com\/es\/sobre-nosotros\/historia\/#primaryimage"},"image":{"@id":"https:\/\/weclines.com\/es\/sobre-nosotros\/historia\/#primaryimage"},"thumbnailUrl":"https:\/\/weclines.com\/wp-content\/uploads\/2023\/07\/hms-navigator.png","datePublished":"2023-01-06T08:33:35+00:00","dateModified":"2025-02-24T17:02:17+00:00","description":"Si le interesa saber c\u00f3mo hemos llegado hasta donde estamos hoy despu\u00e9s de empezar en 1973, le recomendamos que visite esta p\u00e1gina.","breadcrumb":{"@id":"https:\/\/weclines.com\/es\/sobre-nosotros\/historia\/#breadcrumb"},"inLanguage":"es","potentialAction":[{"@type":"ReadAction","target":["https:\/\/weclines.com\/es\/sobre-nosotros\/historia\/"]}]},{"@type":"ImageObject","inLanguage":"es","@id":"https:\/\/weclines.com\/es\/sobre-nosotros\/historia\/#primaryimage","url":"https:\/\/weclines.com\/wp-content\/uploads\/2023\/07\/hms-navigator.png","contentUrl":"https:\/\/weclines.com\/wp-content\/uploads\/2023\/07\/hms-navigator.png","width":1136,"height":790},{"@type":"BreadcrumbList","@id":"https:\/\/weclines.com\/es\/sobre-nosotros\/historia\/#breadcrumb","itemListElement":[{"@type":"ListItem","position":1,"name":"Home","item":"https:\/\/weclines.com\/es\/"},{"@type":"ListItem","position":2,"name":"Sobre nosotros","item":"https:\/\/weclines.com\/es\/sobre-nosotros\/"},{"@type":"ListItem","position":3,"name":"Historia"}]},{"@type":"WebSite","@id":"https:\/\/weclines.com\/es\/#website","url":"https:\/\/weclines.com\/es\/","name":"WEC Lines","description":"Over 50 years of borderless logistics","publisher":{"@id":"https:\/\/weclines.com\/es\/#organization"},"potentialAction":[{"@type":"SearchAction","target":{"@type":"EntryPoint","urlTemplate":"https:\/\/weclines.com\/es\/?s={search_term_string}"},"query-input":{"@type":"PropertyValueSpecification","valueRequired":true,"valueName":"search_term_string"}}],"inLanguage":"es"},{"@type":"Organization","@id":"https:\/\/weclines.com\/es\/#organization","name":"WEC Lines","url":"https:\/\/weclines.com\/es\/","logo":{"@type":"ImageObject","inLanguage":"es","@id":"https:\/\/weclines.com\/es\/#\/schema\/logo\/image\/","url":"https:\/\/weclines.com\/wp-content\/uploads\/2024\/03\/WEC-Lines-Logo-2024-DarkBlue-Cyan-rgb.jpg","contentUrl":"https:\/\/weclines.com\/wp-content\/uploads\/2024\/03\/WEC-Lines-Logo-2024-DarkBlue-Cyan-rgb.jpg","width":842,"height":596,"caption":"WEC Lines"},"image":{"@id":"https:\/\/weclines.com\/es\/#\/schema\/logo\/image\/"},"sameAs":["https:\/\/www.linkedin.com\/company\/wec-lines\/"]}]}},"_links":{"self":[{"href":"https:\/\/weclines.com\/es\/wp-json\/wp\/v2\/pages\/2965","targetHints":{"allow":["GET"]}}],"collection":[{"href":"https:\/\/weclines.com\/es\/wp-json\/wp\/v2\/pages"}],"about":[{"href":"https:\/\/weclines.com\/es\/wp-json\/wp\/v2\/types\/page"}],"author":[{"embeddable":true,"href":"https:\/\/weclines.com\/es\/wp-json\/wp\/v2\/users\/1"}],"replies":[{"embeddable":true,"href":"https:\/\/weclines.com\/es\/wp-json\/wp\/v2\/comments?post=2965"}],"version-history":[{"count":0,"href":"https:\/\/weclines.com\/es\/wp-json\/wp\/v2\/pages\/2965\/revisions"}],"up":[{"embeddable":true,"href":"https:\/\/weclines.com\/es\/wp-json\/wp\/v2\/pages\/2372"}],"wp:featuredmedia":[{"embeddable":true,"href":"https:\/\/weclines.com\/es\/wp-json\/wp\/v2\/media\/1428"}],"wp:attachment":[{"href":"https:\/\/weclines.com\/es\/wp-json\/wp\/v2\/media?parent=2965"}],"curies":[{"name":"wp","href":"https:\/\/api.w.org\/{rel}","templated":true}]}}