{"id":2378,"date":"2022-11-01T16:17:07","date_gmt":"2022-11-01T15:17:07","guid":{"rendered":"https:\/\/weclines.com\/noticias\/"},"modified":"2024-06-19T17:16:11","modified_gmt":"2024-06-19T15:16:11","slug":"noticias","status":"publish","type":"page","link":"https:\/\/weclines.com\/es\/noticias\/","title":{"rendered":"Noticias"},"content":{"rendered":"","protected":false},"excerpt":{"rendered":"","protected":false},"author":1,"featured_media":1270,"parent":0,"menu_order":7,"comment_status":"closed","ping_status":"closed","template":"page-templates\/post-parent.php","meta":{"_acf_changed":false,"footnotes":""},"class_list":["post-2378","page","type-page","status-publish","has-post-thumbnail","hentry"],"acf":[],"yoast_head":"<!-- This site is optimized with the Yoast SEO Premium plugin v27.3 (Yoast SEO v27.3) - https:\/\/yoast.com\/product\/yoast-seo-premium-wordpress\/ -->\n<title>Noticias - WEC Lines<\/title>\n<meta name=\"description\" content=\"WEC Lines est\u00e1 en continua evoluci\u00f3n. Como nuestra industria a escala mundial. En esta p\u00e1gina encontrar\u00e1 las \u00faltimas noticias.\" \/>\n<meta name=\"robots\" content=\"index, follow, max-snippet:-1, max-image-preview:large, max-video-preview:-1\" \/>\n<link rel=\"canonical\" href=\"https:\/\/weclines.com\/es\/noticias\/\" \/>\n<meta property=\"og:locale\" content=\"es_ES\" \/>\n<meta property=\"og:type\" content=\"article\" \/>\n<meta property=\"og:title\" content=\"Noticias\" \/>\n<meta property=\"og:description\" content=\"WEC Lines est\u00e1 en continua evoluci\u00f3n. Como nuestra industria a escala mundial. En esta p\u00e1gina encontrar\u00e1 las \u00faltimas noticias.\" \/>\n<meta property=\"og:url\" content=\"https:\/\/weclines.com\/es\/noticias\/\" \/>\n<meta property=\"og:site_name\" content=\"WEC Lines\" \/>\n<meta property=\"article:modified_time\" content=\"2024-06-19T15:16:11+00:00\" \/>\n<meta property=\"og:image\" content=\"https:\/\/weclines.com\/wp-content\/uploads\/2023\/07\/DSC09172-scaled.jpg\" \/>\n\t<meta property=\"og:image:width\" content=\"2560\" \/>\n\t<meta property=\"og:image:height\" content=\"1707\" \/>\n\t<meta property=\"og:image:type\" content=\"image\/jpeg\" \/>\n<meta name=\"twitter:card\" content=\"summary_large_image\" \/>\n<script type=\"application\/ld+json\" class=\"yoast-schema-graph\">{\"@context\":\"https:\\\/\\\/schema.org\",\"@graph\":[{\"@type\":\"WebPage\",\"@id\":\"https:\\\/\\\/weclines.com\\\/es\\\/noticias\\\/\",\"url\":\"https:\\\/\\\/weclines.com\\\/es\\\/noticias\\\/\",\"name\":\"Noticias - WEC Lines\",\"isPartOf\":{\"@id\":\"https:\\\/\\\/weclines.com\\\/es\\\/#website\"},\"primaryImageOfPage\":{\"@id\":\"https:\\\/\\\/weclines.com\\\/es\\\/noticias\\\/#primaryimage\"},\"image\":{\"@id\":\"https:\\\/\\\/weclines.com\\\/es\\\/noticias\\\/#primaryimage\"},\"thumbnailUrl\":\"https:\\\/\\\/weclines.com\\\/wp-content\\\/uploads\\\/2023\\\/07\\\/DSC09172-scaled.jpg\",\"datePublished\":\"2022-11-01T15:17:07+00:00\",\"dateModified\":\"2024-06-19T15:16:11+00:00\",\"description\":\"WEC Lines est\u00e1 en continua evoluci\u00f3n. Como nuestra industria a escala mundial. En esta p\u00e1gina encontrar\u00e1 las \u00faltimas noticias.\",\"breadcrumb\":{\"@id\":\"https:\\\/\\\/weclines.com\\\/es\\\/noticias\\\/#breadcrumb\"},\"inLanguage\":\"es\",\"potentialAction\":[{\"@type\":\"ReadAction\",\"target\":[\"https:\\\/\\\/weclines.com\\\/es\\\/noticias\\\/\"]}]},{\"@type\":\"ImageObject\",\"inLanguage\":\"es\",\"@id\":\"https:\\\/\\\/weclines.com\\\/es\\\/noticias\\\/#primaryimage\",\"url\":\"https:\\\/\\\/weclines.com\\\/wp-content\\\/uploads\\\/2023\\\/07\\\/DSC09172-scaled.jpg\",\"contentUrl\":\"https:\\\/\\\/weclines.com\\\/wp-content\\\/uploads\\\/2023\\\/07\\\/DSC09172-scaled.jpg\",\"width\":2560,\"height\":1707},{\"@type\":\"BreadcrumbList\",\"@id\":\"https:\\\/\\\/weclines.com\\\/es\\\/noticias\\\/#breadcrumb\",\"itemListElement\":[{\"@type\":\"ListItem\",\"position\":1,\"name\":\"Home\",\"item\":\"https:\\\/\\\/weclines.com\\\/es\\\/\"},{\"@type\":\"ListItem\",\"position\":2,\"name\":\"Noticias\"}]},{\"@type\":\"WebSite\",\"@id\":\"https:\\\/\\\/weclines.com\\\/es\\\/#website\",\"url\":\"https:\\\/\\\/weclines.com\\\/es\\\/\",\"name\":\"WEC Lines\",\"description\":\"Over 50 years of borderless logistics\",\"publisher\":{\"@id\":\"https:\\\/\\\/weclines.com\\\/es\\\/#organization\"},\"potentialAction\":[{\"@type\":\"SearchAction\",\"target\":{\"@type\":\"EntryPoint\",\"urlTemplate\":\"https:\\\/\\\/weclines.com\\\/es\\\/?s={search_term_string}\"},\"query-input\":{\"@type\":\"PropertyValueSpecification\",\"valueRequired\":true,\"valueName\":\"search_term_string\"}}],\"inLanguage\":\"es\"},{\"@type\":\"Organization\",\"@id\":\"https:\\\/\\\/weclines.com\\\/es\\\/#organization\",\"name\":\"WEC Lines\",\"url\":\"https:\\\/\\\/weclines.com\\\/es\\\/\",\"logo\":{\"@type\":\"ImageObject\",\"inLanguage\":\"es\",\"@id\":\"https:\\\/\\\/weclines.com\\\/es\\\/#\\\/schema\\\/logo\\\/image\\\/\",\"url\":\"https:\\\/\\\/weclines.com\\\/wp-content\\\/uploads\\\/2024\\\/03\\\/WEC-Lines-Logo-2024-DarkBlue-Cyan-rgb.jpg\",\"contentUrl\":\"https:\\\/\\\/weclines.com\\\/wp-content\\\/uploads\\\/2024\\\/03\\\/WEC-Lines-Logo-2024-DarkBlue-Cyan-rgb.jpg\",\"width\":842,\"height\":596,\"caption\":\"WEC Lines\"},\"image\":{\"@id\":\"https:\\\/\\\/weclines.com\\\/es\\\/#\\\/schema\\\/logo\\\/image\\\/\"},\"sameAs\":[\"https:\\\/\\\/www.linkedin.com\\\/company\\\/wec-lines\\\/\"]}]}<\/script>\n<!-- \/ Yoast SEO Premium plugin. -->","yoast_head_json":{"title":"Noticias - WEC Lines","description":"WEC Lines est\u00e1 en continua evoluci\u00f3n. Como nuestra industria a escala mundial. En esta p\u00e1gina encontrar\u00e1 las \u00faltimas noticias.","robots":{"index":"index","follow":"follow","max-snippet":"max-snippet:-1","max-image-preview":"max-image-preview:large","max-video-preview":"max-video-preview:-1"},"canonical":"https:\/\/weclines.com\/es\/noticias\/","og_locale":"es_ES","og_type":"article","og_title":"Noticias","og_description":"WEC Lines est\u00e1 en continua evoluci\u00f3n. Como nuestra industria a escala mundial. En esta p\u00e1gina encontrar\u00e1 las \u00faltimas noticias.","og_url":"https:\/\/weclines.com\/es\/noticias\/","og_site_name":"WEC Lines","article_modified_time":"2024-06-19T15:16:11+00:00","og_image":[{"width":2560,"height":1707,"url":"https:\/\/weclines.com\/wp-content\/uploads\/2023\/07\/DSC09172-scaled.jpg","type":"image\/jpeg"}],"twitter_card":"summary_large_image","schema":{"@context":"https:\/\/schema.org","@graph":[{"@type":"WebPage","@id":"https:\/\/weclines.com\/es\/noticias\/","url":"https:\/\/weclines.com\/es\/noticias\/","name":"Noticias - WEC Lines","isPartOf":{"@id":"https:\/\/weclines.com\/es\/#website"},"primaryImageOfPage":{"@id":"https:\/\/weclines.com\/es\/noticias\/#primaryimage"},"image":{"@id":"https:\/\/weclines.com\/es\/noticias\/#primaryimage"},"thumbnailUrl":"https:\/\/weclines.com\/wp-content\/uploads\/2023\/07\/DSC09172-scaled.jpg","datePublished":"2022-11-01T15:17:07+00:00","dateModified":"2024-06-19T15:16:11+00:00","description":"WEC Lines est\u00e1 en continua evoluci\u00f3n. Como nuestra industria a escala mundial. En esta p\u00e1gina encontrar\u00e1 las \u00faltimas noticias.","breadcrumb":{"@id":"https:\/\/weclines.com\/es\/noticias\/#breadcrumb"},"inLanguage":"es","potentialAction":[{"@type":"ReadAction","target":["https:\/\/weclines.com\/es\/noticias\/"]}]},{"@type":"ImageObject","inLanguage":"es","@id":"https:\/\/weclines.com\/es\/noticias\/#primaryimage","url":"https:\/\/weclines.com\/wp-content\/uploads\/2023\/07\/DSC09172-scaled.jpg","contentUrl":"https:\/\/weclines.com\/wp-content\/uploads\/2023\/07\/DSC09172-scaled.jpg","width":2560,"height":1707},{"@type":"BreadcrumbList","@id":"https:\/\/weclines.com\/es\/noticias\/#breadcrumb","itemListElement":[{"@type":"ListItem","position":1,"name":"Home","item":"https:\/\/weclines.com\/es\/"},{"@type":"ListItem","position":2,"name":"Noticias"}]},{"@type":"WebSite","@id":"https:\/\/weclines.com\/es\/#website","url":"https:\/\/weclines.com\/es\/","name":"WEC Lines","description":"Over 50 years of borderless logistics","publisher":{"@id":"https:\/\/weclines.com\/es\/#organization"},"potentialAction":[{"@type":"SearchAction","target":{"@type":"EntryPoint","urlTemplate":"https:\/\/weclines.com\/es\/?s={search_term_string}"},"query-input":{"@type":"PropertyValueSpecification","valueRequired":true,"valueName":"search_term_string"}}],"inLanguage":"es"},{"@type":"Organization","@id":"https:\/\/weclines.com\/es\/#organization","name":"WEC Lines","url":"https:\/\/weclines.com\/es\/","logo":{"@type":"ImageObject","inLanguage":"es","@id":"https:\/\/weclines.com\/es\/#\/schema\/logo\/image\/","url":"https:\/\/weclines.com\/wp-content\/uploads\/2024\/03\/WEC-Lines-Logo-2024-DarkBlue-Cyan-rgb.jpg","contentUrl":"https:\/\/weclines.com\/wp-content\/uploads\/2024\/03\/WEC-Lines-Logo-2024-DarkBlue-Cyan-rgb.jpg","width":842,"height":596,"caption":"WEC Lines"},"image":{"@id":"https:\/\/weclines.com\/es\/#\/schema\/logo\/image\/"},"sameAs":["https:\/\/www.linkedin.com\/company\/wec-lines\/"]}]}},"_links":{"self":[{"href":"https:\/\/weclines.com\/es\/wp-json\/wp\/v2\/pages\/2378","targetHints":{"allow":["GET"]}}],"collection":[{"href":"https:\/\/weclines.com\/es\/wp-json\/wp\/v2\/pages"}],"about":[{"href":"https:\/\/weclines.com\/es\/wp-json\/wp\/v2\/types\/page"}],"author":[{"embeddable":true,"href":"https:\/\/weclines.com\/es\/wp-json\/wp\/v2\/users\/1"}],"replies":[{"embeddable":true,"href":"https:\/\/weclines.com\/es\/wp-json\/wp\/v2\/comments?post=2378"}],"version-history":[{"count":0,"href":"https:\/\/weclines.com\/es\/wp-json\/wp\/v2\/pages\/2378\/revisions"}],"wp:featuredmedia":[{"embeddable":true,"href":"https:\/\/weclines.com\/es\/wp-json\/wp\/v2\/media\/1270"}],"wp:attachment":[{"href":"https:\/\/weclines.com\/es\/wp-json\/wp\/v2\/media?parent=2378"}],"curies":[{"name":"wp","href":"https:\/\/api.w.org\/{rel}","templated":true}]}}