{"id":2371,"date":"2023-01-06T09:26:10","date_gmt":"2023-01-06T08:26:10","guid":{"rendered":"https:\/\/weclines.com\/servicios\/facilidad-de-uso\/"},"modified":"2025-02-24T18:42:09","modified_gmt":"2025-02-24T17:42:09","slug":"facilidad-de-uso","status":"publish","type":"page","link":"https:\/\/weclines.com\/es\/servicios\/facilidad-de-uso\/","title":{"rendered":"Te lo ponemos f\u00e1cil"},"content":{"rendered":"","protected":false},"excerpt":{"rendered":"","protected":false},"author":1,"featured_media":0,"parent":2366,"menu_order":4,"comment_status":"closed","ping_status":"closed","template":"page-templates\/content.php","meta":{"_acf_changed":false,"footnotes":""},"class_list":["post-2371","page","type-page","status-publish","hentry"],"acf":[],"yoast_head":"<!-- This site is optimized with the Yoast SEO Premium plugin v27.3 (Yoast SEO v27.3) - https:\/\/yoast.com\/product\/yoast-seo-premium-wordpress\/ -->\n<title>Te lo ponemos f\u00e1cil - WEC Lines<\/title>\n<meta name=\"description\" content=\"Una de nuestras principales prioridades es trabajar de la forma m\u00e1s sencilla. Averig\u00fce todo sobre el VGM o si necesita ayuda con el papeleo.\" \/>\n<meta name=\"robots\" content=\"index, follow, max-snippet:-1, max-image-preview:large, max-video-preview:-1\" \/>\n<link rel=\"canonical\" href=\"https:\/\/weclines.com\/es\/servicios\/facilidad-de-uso\/\" \/>\n<meta property=\"og:locale\" content=\"es_ES\" \/>\n<meta property=\"og:type\" content=\"article\" \/>\n<meta property=\"og:title\" content=\"Te lo ponemos f\u00e1cil\" \/>\n<meta property=\"og:description\" content=\"Una de nuestras principales prioridades es trabajar de la forma m\u00e1s sencilla. Averig\u00fce todo sobre el VGM o si necesita ayuda con el papeleo.\" \/>\n<meta property=\"og:url\" content=\"https:\/\/weclines.com\/es\/servicios\/facilidad-de-uso\/\" \/>\n<meta property=\"og:site_name\" content=\"WEC Lines\" \/>\n<meta property=\"article:modified_time\" content=\"2025-02-24T17:42:09+00:00\" \/>\n<meta name=\"twitter:card\" content=\"summary_large_image\" \/>\n<script type=\"application\/ld+json\" class=\"yoast-schema-graph\">{\"@context\":\"https:\\\/\\\/schema.org\",\"@graph\":[{\"@type\":\"WebPage\",\"@id\":\"https:\\\/\\\/weclines.com\\\/es\\\/servicios\\\/facilidad-de-uso\\\/\",\"url\":\"https:\\\/\\\/weclines.com\\\/es\\\/servicios\\\/facilidad-de-uso\\\/\",\"name\":\"Te lo ponemos f\u00e1cil - WEC Lines\",\"isPartOf\":{\"@id\":\"https:\\\/\\\/weclines.com\\\/es\\\/#website\"},\"datePublished\":\"2023-01-06T08:26:10+00:00\",\"dateModified\":\"2025-02-24T17:42:09+00:00\",\"description\":\"Una de nuestras principales prioridades es trabajar de la forma m\u00e1s sencilla. Averig\u00fce todo sobre el VGM o si necesita ayuda con el papeleo.\",\"breadcrumb\":{\"@id\":\"https:\\\/\\\/weclines.com\\\/es\\\/servicios\\\/facilidad-de-uso\\\/#breadcrumb\"},\"inLanguage\":\"es\",\"potentialAction\":[{\"@type\":\"ReadAction\",\"target\":[\"https:\\\/\\\/weclines.com\\\/es\\\/servicios\\\/facilidad-de-uso\\\/\"]}]},{\"@type\":\"BreadcrumbList\",\"@id\":\"https:\\\/\\\/weclines.com\\\/es\\\/servicios\\\/facilidad-de-uso\\\/#breadcrumb\",\"itemListElement\":[{\"@type\":\"ListItem\",\"position\":1,\"name\":\"Home\",\"item\":\"https:\\\/\\\/weclines.com\\\/es\\\/\"},{\"@type\":\"ListItem\",\"position\":2,\"name\":\"Servicios\",\"item\":\"https:\\\/\\\/weclines.com\\\/es\\\/servicios\\\/\"},{\"@type\":\"ListItem\",\"position\":3,\"name\":\"Te lo ponemos f\u00e1cil\"}]},{\"@type\":\"WebSite\",\"@id\":\"https:\\\/\\\/weclines.com\\\/es\\\/#website\",\"url\":\"https:\\\/\\\/weclines.com\\\/es\\\/\",\"name\":\"WEC Lines\",\"description\":\"Over 50 years of borderless logistics\",\"publisher\":{\"@id\":\"https:\\\/\\\/weclines.com\\\/es\\\/#organization\"},\"potentialAction\":[{\"@type\":\"SearchAction\",\"target\":{\"@type\":\"EntryPoint\",\"urlTemplate\":\"https:\\\/\\\/weclines.com\\\/es\\\/?s={search_term_string}\"},\"query-input\":{\"@type\":\"PropertyValueSpecification\",\"valueRequired\":true,\"valueName\":\"search_term_string\"}}],\"inLanguage\":\"es\"},{\"@type\":\"Organization\",\"@id\":\"https:\\\/\\\/weclines.com\\\/es\\\/#organization\",\"name\":\"WEC Lines\",\"url\":\"https:\\\/\\\/weclines.com\\\/es\\\/\",\"logo\":{\"@type\":\"ImageObject\",\"inLanguage\":\"es\",\"@id\":\"https:\\\/\\\/weclines.com\\\/es\\\/#\\\/schema\\\/logo\\\/image\\\/\",\"url\":\"https:\\\/\\\/weclines.com\\\/wp-content\\\/uploads\\\/2024\\\/03\\\/WEC-Lines-Logo-2024-DarkBlue-Cyan-rgb.jpg\",\"contentUrl\":\"https:\\\/\\\/weclines.com\\\/wp-content\\\/uploads\\\/2024\\\/03\\\/WEC-Lines-Logo-2024-DarkBlue-Cyan-rgb.jpg\",\"width\":842,\"height\":596,\"caption\":\"WEC Lines\"},\"image\":{\"@id\":\"https:\\\/\\\/weclines.com\\\/es\\\/#\\\/schema\\\/logo\\\/image\\\/\"},\"sameAs\":[\"https:\\\/\\\/www.linkedin.com\\\/company\\\/wec-lines\\\/\"]}]}<\/script>\n<!-- \/ Yoast SEO Premium plugin. -->","yoast_head_json":{"title":"Te lo ponemos f\u00e1cil - WEC Lines","description":"Una de nuestras principales prioridades es trabajar de la forma m\u00e1s sencilla. Averig\u00fce todo sobre el VGM o si necesita ayuda con el papeleo.","robots":{"index":"index","follow":"follow","max-snippet":"max-snippet:-1","max-image-preview":"max-image-preview:large","max-video-preview":"max-video-preview:-1"},"canonical":"https:\/\/weclines.com\/es\/servicios\/facilidad-de-uso\/","og_locale":"es_ES","og_type":"article","og_title":"Te lo ponemos f\u00e1cil","og_description":"Una de nuestras principales prioridades es trabajar de la forma m\u00e1s sencilla. Averig\u00fce todo sobre el VGM o si necesita ayuda con el papeleo.","og_url":"https:\/\/weclines.com\/es\/servicios\/facilidad-de-uso\/","og_site_name":"WEC Lines","article_modified_time":"2025-02-24T17:42:09+00:00","twitter_card":"summary_large_image","schema":{"@context":"https:\/\/schema.org","@graph":[{"@type":"WebPage","@id":"https:\/\/weclines.com\/es\/servicios\/facilidad-de-uso\/","url":"https:\/\/weclines.com\/es\/servicios\/facilidad-de-uso\/","name":"Te lo ponemos f\u00e1cil - WEC Lines","isPartOf":{"@id":"https:\/\/weclines.com\/es\/#website"},"datePublished":"2023-01-06T08:26:10+00:00","dateModified":"2025-02-24T17:42:09+00:00","description":"Una de nuestras principales prioridades es trabajar de la forma m\u00e1s sencilla. Averig\u00fce todo sobre el VGM o si necesita ayuda con el papeleo.","breadcrumb":{"@id":"https:\/\/weclines.com\/es\/servicios\/facilidad-de-uso\/#breadcrumb"},"inLanguage":"es","potentialAction":[{"@type":"ReadAction","target":["https:\/\/weclines.com\/es\/servicios\/facilidad-de-uso\/"]}]},{"@type":"BreadcrumbList","@id":"https:\/\/weclines.com\/es\/servicios\/facilidad-de-uso\/#breadcrumb","itemListElement":[{"@type":"ListItem","position":1,"name":"Home","item":"https:\/\/weclines.com\/es\/"},{"@type":"ListItem","position":2,"name":"Servicios","item":"https:\/\/weclines.com\/es\/servicios\/"},{"@type":"ListItem","position":3,"name":"Te lo ponemos f\u00e1cil"}]},{"@type":"WebSite","@id":"https:\/\/weclines.com\/es\/#website","url":"https:\/\/weclines.com\/es\/","name":"WEC Lines","description":"Over 50 years of borderless logistics","publisher":{"@id":"https:\/\/weclines.com\/es\/#organization"},"potentialAction":[{"@type":"SearchAction","target":{"@type":"EntryPoint","urlTemplate":"https:\/\/weclines.com\/es\/?s={search_term_string}"},"query-input":{"@type":"PropertyValueSpecification","valueRequired":true,"valueName":"search_term_string"}}],"inLanguage":"es"},{"@type":"Organization","@id":"https:\/\/weclines.com\/es\/#organization","name":"WEC Lines","url":"https:\/\/weclines.com\/es\/","logo":{"@type":"ImageObject","inLanguage":"es","@id":"https:\/\/weclines.com\/es\/#\/schema\/logo\/image\/","url":"https:\/\/weclines.com\/wp-content\/uploads\/2024\/03\/WEC-Lines-Logo-2024-DarkBlue-Cyan-rgb.jpg","contentUrl":"https:\/\/weclines.com\/wp-content\/uploads\/2024\/03\/WEC-Lines-Logo-2024-DarkBlue-Cyan-rgb.jpg","width":842,"height":596,"caption":"WEC Lines"},"image":{"@id":"https:\/\/weclines.com\/es\/#\/schema\/logo\/image\/"},"sameAs":["https:\/\/www.linkedin.com\/company\/wec-lines\/"]}]}},"_links":{"self":[{"href":"https:\/\/weclines.com\/es\/wp-json\/wp\/v2\/pages\/2371","targetHints":{"allow":["GET"]}}],"collection":[{"href":"https:\/\/weclines.com\/es\/wp-json\/wp\/v2\/pages"}],"about":[{"href":"https:\/\/weclines.com\/es\/wp-json\/wp\/v2\/types\/page"}],"author":[{"embeddable":true,"href":"https:\/\/weclines.com\/es\/wp-json\/wp\/v2\/users\/1"}],"replies":[{"embeddable":true,"href":"https:\/\/weclines.com\/es\/wp-json\/wp\/v2\/comments?post=2371"}],"version-history":[{"count":0,"href":"https:\/\/weclines.com\/es\/wp-json\/wp\/v2\/pages\/2371\/revisions"}],"up":[{"embeddable":true,"href":"https:\/\/weclines.com\/es\/wp-json\/wp\/v2\/pages\/2366"}],"wp:attachment":[{"href":"https:\/\/weclines.com\/es\/wp-json\/wp\/v2\/media?parent=2371"}],"curies":[{"name":"wp","href":"https:\/\/api.w.org\/{rel}","templated":true}]}}