{"id":2360,"date":"2022-11-18T14:24:11","date_gmt":"2022-11-18T13:24:11","guid":{"rendered":"https:\/\/weclines.com\/routes-ports\/short-sea\/"},"modified":"2025-03-18T12:38:32","modified_gmt":"2025-03-18T11:38:32","slug":"short-sea","status":"publish","type":"page","link":"https:\/\/weclines.com\/es\/rutas-puertos\/short-sea\/","title":{"rendered":"Short Sea"},"content":{"rendered":"","protected":false},"excerpt":{"rendered":"","protected":false},"author":1,"featured_media":3259,"parent":75,"menu_order":3,"comment_status":"closed","ping_status":"closed","template":"page-templates\/routes-schedules.php","meta":{"_acf_changed":false,"footnotes":""},"class_list":["post-2360","page","type-page","status-publish","has-post-thumbnail","hentry"],"acf":[],"yoast_head":"<!-- This site is optimized with the Yoast SEO Premium plugin v27.4 (Yoast SEO v27.4) - https:\/\/yoast.com\/product\/yoast-seo-premium-wordpress\/ -->\n<title>Short Sea - WEC Lines<\/title>\n<meta name=\"description\" content=\"Conectamos Portugal, Espa\u00f1a (+ Islas Canarias) y Marruecos con Reino Unido, Irlanda y Europea del Norte con servicios semanales f\u00edables y de d\u00edas fijos.\" \/>\n<meta name=\"robots\" content=\"index, follow, max-snippet:-1, max-image-preview:large, max-video-preview:-1\" \/>\n<link rel=\"canonical\" href=\"https:\/\/weclines.com\/es\/rutas-puertos\/short-sea\/\" \/>\n<meta property=\"og:locale\" content=\"es_ES\" \/>\n<meta property=\"og:type\" content=\"article\" \/>\n<meta property=\"og:title\" content=\"Short Sea\" \/>\n<meta property=\"og:description\" content=\"Conectamos Portugal, Espa\u00f1a (+ Islas Canarias) y Marruecos con Reino Unido, Irlanda y Europea del Norte con servicios semanales f\u00edables y de d\u00edas fijos.\" \/>\n<meta property=\"og:url\" content=\"https:\/\/weclines.com\/es\/rutas-puertos\/short-sea\/\" \/>\n<meta property=\"og:site_name\" content=\"WEC Lines\" \/>\n<meta property=\"article:modified_time\" content=\"2025-03-18T11:38:32+00:00\" \/>\n<meta property=\"og:image\" content=\"https:\/\/weclines.com\/wp-content\/uploads\/2023\/10\/WEC-Van-Gogh-straight.png\" \/>\n\t<meta property=\"og:image:width\" content=\"1220\" \/>\n\t<meta property=\"og:image:height\" content=\"888\" \/>\n\t<meta property=\"og:image:type\" content=\"image\/png\" \/>\n<meta name=\"twitter:card\" content=\"summary_large_image\" \/>\n<meta name=\"twitter:label1\" content=\"Tiempo de lectura\" \/>\n\t<meta name=\"twitter:data1\" content=\"1 minuto\" \/>\n<script type=\"application\/ld+json\" class=\"yoast-schema-graph\">{\"@context\":\"https:\\\/\\\/schema.org\",\"@graph\":[{\"@type\":\"WebPage\",\"@id\":\"https:\\\/\\\/weclines.com\\\/es\\\/rutas-puertos\\\/short-sea\\\/\",\"url\":\"https:\\\/\\\/weclines.com\\\/es\\\/rutas-puertos\\\/short-sea\\\/\",\"name\":\"Short Sea - WEC Lines\",\"isPartOf\":{\"@id\":\"https:\\\/\\\/weclines.com\\\/es\\\/#website\"},\"primaryImageOfPage\":{\"@id\":\"https:\\\/\\\/weclines.com\\\/es\\\/rutas-puertos\\\/short-sea\\\/#primaryimage\"},\"image\":{\"@id\":\"https:\\\/\\\/weclines.com\\\/es\\\/rutas-puertos\\\/short-sea\\\/#primaryimage\"},\"thumbnailUrl\":\"https:\\\/\\\/weclines.com\\\/wp-content\\\/uploads\\\/2023\\\/10\\\/WEC-Van-Gogh-straight.png\",\"datePublished\":\"2022-11-18T13:24:11+00:00\",\"dateModified\":\"2025-03-18T11:38:32+00:00\",\"description\":\"Conectamos Portugal, Espa\u00f1a (+ Islas Canarias) y Marruecos con Reino Unido, Irlanda y Europea del Norte con servicios semanales f\u00edables y de d\u00edas fijos.\",\"breadcrumb\":{\"@id\":\"https:\\\/\\\/weclines.com\\\/es\\\/rutas-puertos\\\/short-sea\\\/#breadcrumb\"},\"inLanguage\":\"es\",\"potentialAction\":[{\"@type\":\"ReadAction\",\"target\":[\"https:\\\/\\\/weclines.com\\\/es\\\/rutas-puertos\\\/short-sea\\\/\"]}]},{\"@type\":\"ImageObject\",\"inLanguage\":\"es\",\"@id\":\"https:\\\/\\\/weclines.com\\\/es\\\/rutas-puertos\\\/short-sea\\\/#primaryimage\",\"url\":\"https:\\\/\\\/weclines.com\\\/wp-content\\\/uploads\\\/2023\\\/10\\\/WEC-Van-Gogh-straight.png\",\"contentUrl\":\"https:\\\/\\\/weclines.com\\\/wp-content\\\/uploads\\\/2023\\\/10\\\/WEC-Van-Gogh-straight.png\",\"width\":1220,\"height\":888},{\"@type\":\"BreadcrumbList\",\"@id\":\"https:\\\/\\\/weclines.com\\\/es\\\/rutas-puertos\\\/short-sea\\\/#breadcrumb\",\"itemListElement\":[{\"@type\":\"ListItem\",\"position\":1,\"name\":\"Home\",\"item\":\"https:\\\/\\\/weclines.com\\\/es\\\/\"},{\"@type\":\"ListItem\",\"position\":2,\"name\":\"Rutas &amp; Puertos\",\"item\":\"https:\\\/\\\/weclines.com\\\/es\\\/rutas-puertos\\\/\"},{\"@type\":\"ListItem\",\"position\":3,\"name\":\"Short Sea\"}]},{\"@type\":\"WebSite\",\"@id\":\"https:\\\/\\\/weclines.com\\\/es\\\/#website\",\"url\":\"https:\\\/\\\/weclines.com\\\/es\\\/\",\"name\":\"WEC Lines\",\"description\":\"Over 50 years of borderless logistics\",\"publisher\":{\"@id\":\"https:\\\/\\\/weclines.com\\\/es\\\/#organization\"},\"potentialAction\":[{\"@type\":\"SearchAction\",\"target\":{\"@type\":\"EntryPoint\",\"urlTemplate\":\"https:\\\/\\\/weclines.com\\\/es\\\/?s={search_term_string}\"},\"query-input\":{\"@type\":\"PropertyValueSpecification\",\"valueRequired\":true,\"valueName\":\"search_term_string\"}}],\"inLanguage\":\"es\"},{\"@type\":\"Organization\",\"@id\":\"https:\\\/\\\/weclines.com\\\/es\\\/#organization\",\"name\":\"WEC Lines\",\"url\":\"https:\\\/\\\/weclines.com\\\/es\\\/\",\"logo\":{\"@type\":\"ImageObject\",\"inLanguage\":\"es\",\"@id\":\"https:\\\/\\\/weclines.com\\\/es\\\/#\\\/schema\\\/logo\\\/image\\\/\",\"url\":\"https:\\\/\\\/weclines.com\\\/wp-content\\\/uploads\\\/2024\\\/03\\\/WEC-Lines-Logo-2024-DarkBlue-Cyan-rgb.jpg\",\"contentUrl\":\"https:\\\/\\\/weclines.com\\\/wp-content\\\/uploads\\\/2024\\\/03\\\/WEC-Lines-Logo-2024-DarkBlue-Cyan-rgb.jpg\",\"width\":842,\"height\":596,\"caption\":\"WEC Lines\"},\"image\":{\"@id\":\"https:\\\/\\\/weclines.com\\\/es\\\/#\\\/schema\\\/logo\\\/image\\\/\"},\"sameAs\":[\"https:\\\/\\\/www.linkedin.com\\\/company\\\/wec-lines\\\/\"]}]}<\/script>\n<!-- \/ Yoast SEO Premium plugin. -->","yoast_head_json":{"title":"Short Sea - WEC Lines","description":"Conectamos Portugal, Espa\u00f1a (+ Islas Canarias) y Marruecos con Reino Unido, Irlanda y Europea del Norte con servicios semanales f\u00edables y de d\u00edas fijos.","robots":{"index":"index","follow":"follow","max-snippet":"max-snippet:-1","max-image-preview":"max-image-preview:large","max-video-preview":"max-video-preview:-1"},"canonical":"https:\/\/weclines.com\/es\/rutas-puertos\/short-sea\/","og_locale":"es_ES","og_type":"article","og_title":"Short Sea","og_description":"Conectamos Portugal, Espa\u00f1a (+ Islas Canarias) y Marruecos con Reino Unido, Irlanda y Europea del Norte con servicios semanales f\u00edables y de d\u00edas fijos.","og_url":"https:\/\/weclines.com\/es\/rutas-puertos\/short-sea\/","og_site_name":"WEC Lines","article_modified_time":"2025-03-18T11:38:32+00:00","og_image":[{"width":1220,"height":888,"url":"https:\/\/weclines.com\/wp-content\/uploads\/2023\/10\/WEC-Van-Gogh-straight.png","type":"image\/png"}],"twitter_card":"summary_large_image","twitter_misc":{"Tiempo de lectura":"1 minuto"},"schema":{"@context":"https:\/\/schema.org","@graph":[{"@type":"WebPage","@id":"https:\/\/weclines.com\/es\/rutas-puertos\/short-sea\/","url":"https:\/\/weclines.com\/es\/rutas-puertos\/short-sea\/","name":"Short Sea - WEC Lines","isPartOf":{"@id":"https:\/\/weclines.com\/es\/#website"},"primaryImageOfPage":{"@id":"https:\/\/weclines.com\/es\/rutas-puertos\/short-sea\/#primaryimage"},"image":{"@id":"https:\/\/weclines.com\/es\/rutas-puertos\/short-sea\/#primaryimage"},"thumbnailUrl":"https:\/\/weclines.com\/wp-content\/uploads\/2023\/10\/WEC-Van-Gogh-straight.png","datePublished":"2022-11-18T13:24:11+00:00","dateModified":"2025-03-18T11:38:32+00:00","description":"Conectamos Portugal, Espa\u00f1a (+ Islas Canarias) y Marruecos con Reino Unido, Irlanda y Europea del Norte con servicios semanales f\u00edables y de d\u00edas fijos.","breadcrumb":{"@id":"https:\/\/weclines.com\/es\/rutas-puertos\/short-sea\/#breadcrumb"},"inLanguage":"es","potentialAction":[{"@type":"ReadAction","target":["https:\/\/weclines.com\/es\/rutas-puertos\/short-sea\/"]}]},{"@type":"ImageObject","inLanguage":"es","@id":"https:\/\/weclines.com\/es\/rutas-puertos\/short-sea\/#primaryimage","url":"https:\/\/weclines.com\/wp-content\/uploads\/2023\/10\/WEC-Van-Gogh-straight.png","contentUrl":"https:\/\/weclines.com\/wp-content\/uploads\/2023\/10\/WEC-Van-Gogh-straight.png","width":1220,"height":888},{"@type":"BreadcrumbList","@id":"https:\/\/weclines.com\/es\/rutas-puertos\/short-sea\/#breadcrumb","itemListElement":[{"@type":"ListItem","position":1,"name":"Home","item":"https:\/\/weclines.com\/es\/"},{"@type":"ListItem","position":2,"name":"Rutas &amp; Puertos","item":"https:\/\/weclines.com\/es\/rutas-puertos\/"},{"@type":"ListItem","position":3,"name":"Short Sea"}]},{"@type":"WebSite","@id":"https:\/\/weclines.com\/es\/#website","url":"https:\/\/weclines.com\/es\/","name":"WEC Lines","description":"Over 50 years of borderless logistics","publisher":{"@id":"https:\/\/weclines.com\/es\/#organization"},"potentialAction":[{"@type":"SearchAction","target":{"@type":"EntryPoint","urlTemplate":"https:\/\/weclines.com\/es\/?s={search_term_string}"},"query-input":{"@type":"PropertyValueSpecification","valueRequired":true,"valueName":"search_term_string"}}],"inLanguage":"es"},{"@type":"Organization","@id":"https:\/\/weclines.com\/es\/#organization","name":"WEC Lines","url":"https:\/\/weclines.com\/es\/","logo":{"@type":"ImageObject","inLanguage":"es","@id":"https:\/\/weclines.com\/es\/#\/schema\/logo\/image\/","url":"https:\/\/weclines.com\/wp-content\/uploads\/2024\/03\/WEC-Lines-Logo-2024-DarkBlue-Cyan-rgb.jpg","contentUrl":"https:\/\/weclines.com\/wp-content\/uploads\/2024\/03\/WEC-Lines-Logo-2024-DarkBlue-Cyan-rgb.jpg","width":842,"height":596,"caption":"WEC Lines"},"image":{"@id":"https:\/\/weclines.com\/es\/#\/schema\/logo\/image\/"},"sameAs":["https:\/\/www.linkedin.com\/company\/wec-lines\/"]}]}},"_links":{"self":[{"href":"https:\/\/weclines.com\/es\/wp-json\/wp\/v2\/pages\/2360","targetHints":{"allow":["GET"]}}],"collection":[{"href":"https:\/\/weclines.com\/es\/wp-json\/wp\/v2\/pages"}],"about":[{"href":"https:\/\/weclines.com\/es\/wp-json\/wp\/v2\/types\/page"}],"author":[{"embeddable":true,"href":"https:\/\/weclines.com\/es\/wp-json\/wp\/v2\/users\/1"}],"replies":[{"embeddable":true,"href":"https:\/\/weclines.com\/es\/wp-json\/wp\/v2\/comments?post=2360"}],"version-history":[{"count":0,"href":"https:\/\/weclines.com\/es\/wp-json\/wp\/v2\/pages\/2360\/revisions"}],"up":[{"embeddable":true,"href":"https:\/\/weclines.com\/es\/wp-json\/wp\/v2\/pages\/75"}],"wp:featuredmedia":[{"embeddable":true,"href":"https:\/\/weclines.com\/es\/wp-json\/wp\/v2\/media\/3259"}],"wp:attachment":[{"href":"https:\/\/weclines.com\/es\/wp-json\/wp\/v2\/media?parent=2360"}],"curies":[{"name":"wp","href":"https:\/\/api.w.org\/{rel}","templated":true}]}}