{"id":13598,"date":"2026-02-17T17:05:35","date_gmt":"2026-02-17T16:05:35","guid":{"rendered":"https:\/\/weclines.com\/?page_id=13598"},"modified":"2026-02-18T10:44:28","modified_gmt":"2026-02-18T09:44:28","slug":"demoras-detenciones","status":"publish","type":"page","link":"https:\/\/weclines.com\/es\/rutas-puertos\/demoras-detenciones\/","title":{"rendered":"Demoras y Detenciones"},"content":{"rendered":"","protected":false},"excerpt":{"rendered":"","protected":false},"author":1,"featured_media":8248,"parent":75,"menu_order":6,"comment_status":"closed","ping_status":"closed","template":"page-templates\/ports-tariffs.php","meta":{"_acf_changed":false,"footnotes":""},"class_list":["post-13598","page","type-page","status-publish","has-post-thumbnail","hentry"],"acf":[],"yoast_head":"<!-- This site is optimized with the Yoast SEO Premium plugin v27.4 (Yoast SEO v27.4) - https:\/\/yoast.com\/product\/yoast-seo-premium-wordpress\/ -->\n<title>Demoras y Detenciones - WEC Lines<\/title>\n<meta name=\"description\" content=\"Consulte nuestros gastos locales de demoras, detenci\u00f3n y almacenamiento. Puede filtrar f\u00e1cilmente los importes por puerto o regi\u00f3n.\" \/>\n<meta name=\"robots\" content=\"index, follow, max-snippet:-1, max-image-preview:large, max-video-preview:-1\" \/>\n<link rel=\"canonical\" href=\"https:\/\/weclines.com\/es\/rutas-puertos\/demoras-detenciones\/\" \/>\n<meta property=\"og:locale\" content=\"es_ES\" \/>\n<meta property=\"og:type\" content=\"article\" \/>\n<meta property=\"og:title\" content=\"Demoras y Detenciones\" \/>\n<meta property=\"og:description\" content=\"Consulte nuestros gastos locales de demoras, detenci\u00f3n y almacenamiento. Puede filtrar f\u00e1cilmente los importes por puerto o regi\u00f3n.\" \/>\n<meta property=\"og:url\" content=\"https:\/\/weclines.com\/es\/rutas-puertos\/demoras-detenciones\/\" \/>\n<meta property=\"og:site_name\" content=\"WEC Lines\" \/>\n<meta property=\"article:modified_time\" content=\"2026-02-18T09:44:28+00:00\" \/>\n<meta property=\"og:image\" content=\"https:\/\/weclines.com\/wp-content\/uploads\/2024\/06\/20230919-TINA-BD-2.jpg\" \/>\n\t<meta property=\"og:image:width\" content=\"2500\" \/>\n\t<meta property=\"og:image:height\" content=\"1875\" \/>\n\t<meta property=\"og:image:type\" content=\"image\/jpeg\" \/>\n<meta name=\"twitter:card\" content=\"summary_large_image\" \/>\n<meta name=\"twitter:label1\" content=\"Tiempo de lectura\" \/>\n\t<meta name=\"twitter:data1\" content=\"1 minuto\" \/>\n<script type=\"application\/ld+json\" class=\"yoast-schema-graph\">{\"@context\":\"https:\\\/\\\/schema.org\",\"@graph\":[{\"@type\":\"WebPage\",\"@id\":\"https:\\\/\\\/weclines.com\\\/es\\\/rutas-puertos\\\/demoras-detenciones\\\/\",\"url\":\"https:\\\/\\\/weclines.com\\\/es\\\/rutas-puertos\\\/demoras-detenciones\\\/\",\"name\":\"Demoras y Detenciones - WEC Lines\",\"isPartOf\":{\"@id\":\"https:\\\/\\\/weclines.com\\\/es\\\/#website\"},\"primaryImageOfPage\":{\"@id\":\"https:\\\/\\\/weclines.com\\\/es\\\/rutas-puertos\\\/demoras-detenciones\\\/#primaryimage\"},\"image\":{\"@id\":\"https:\\\/\\\/weclines.com\\\/es\\\/rutas-puertos\\\/demoras-detenciones\\\/#primaryimage\"},\"thumbnailUrl\":\"https:\\\/\\\/weclines.com\\\/wp-content\\\/uploads\\\/2024\\\/06\\\/20230919-TINA-BD-2.jpg\",\"datePublished\":\"2026-02-17T16:05:35+00:00\",\"dateModified\":\"2026-02-18T09:44:28+00:00\",\"description\":\"Consulte nuestros gastos locales de demoras, detenci\u00f3n y almacenamiento. Puede filtrar f\u00e1cilmente los importes por puerto o regi\u00f3n.\",\"breadcrumb\":{\"@id\":\"https:\\\/\\\/weclines.com\\\/es\\\/rutas-puertos\\\/demoras-detenciones\\\/#breadcrumb\"},\"inLanguage\":\"es\",\"potentialAction\":[{\"@type\":\"ReadAction\",\"target\":[\"https:\\\/\\\/weclines.com\\\/es\\\/rutas-puertos\\\/demoras-detenciones\\\/\"]}]},{\"@type\":\"ImageObject\",\"inLanguage\":\"es\",\"@id\":\"https:\\\/\\\/weclines.com\\\/es\\\/rutas-puertos\\\/demoras-detenciones\\\/#primaryimage\",\"url\":\"https:\\\/\\\/weclines.com\\\/wp-content\\\/uploads\\\/2024\\\/06\\\/20230919-TINA-BD-2.jpg\",\"contentUrl\":\"https:\\\/\\\/weclines.com\\\/wp-content\\\/uploads\\\/2024\\\/06\\\/20230919-TINA-BD-2.jpg\",\"width\":2500,\"height\":1875},{\"@type\":\"BreadcrumbList\",\"@id\":\"https:\\\/\\\/weclines.com\\\/es\\\/rutas-puertos\\\/demoras-detenciones\\\/#breadcrumb\",\"itemListElement\":[{\"@type\":\"ListItem\",\"position\":1,\"name\":\"Home\",\"item\":\"https:\\\/\\\/weclines.com\\\/es\\\/\"},{\"@type\":\"ListItem\",\"position\":2,\"name\":\"Rutas &amp; Puertos\",\"item\":\"https:\\\/\\\/weclines.com\\\/es\\\/rutas-puertos\\\/\"},{\"@type\":\"ListItem\",\"position\":3,\"name\":\"Demoras y Detenciones\"}]},{\"@type\":\"WebSite\",\"@id\":\"https:\\\/\\\/weclines.com\\\/es\\\/#website\",\"url\":\"https:\\\/\\\/weclines.com\\\/es\\\/\",\"name\":\"WEC Lines\",\"description\":\"Over 50 years of borderless logistics\",\"publisher\":{\"@id\":\"https:\\\/\\\/weclines.com\\\/es\\\/#organization\"},\"potentialAction\":[{\"@type\":\"SearchAction\",\"target\":{\"@type\":\"EntryPoint\",\"urlTemplate\":\"https:\\\/\\\/weclines.com\\\/es\\\/?s={search_term_string}\"},\"query-input\":{\"@type\":\"PropertyValueSpecification\",\"valueRequired\":true,\"valueName\":\"search_term_string\"}}],\"inLanguage\":\"es\"},{\"@type\":\"Organization\",\"@id\":\"https:\\\/\\\/weclines.com\\\/es\\\/#organization\",\"name\":\"WEC Lines\",\"url\":\"https:\\\/\\\/weclines.com\\\/es\\\/\",\"logo\":{\"@type\":\"ImageObject\",\"inLanguage\":\"es\",\"@id\":\"https:\\\/\\\/weclines.com\\\/es\\\/#\\\/schema\\\/logo\\\/image\\\/\",\"url\":\"https:\\\/\\\/weclines.com\\\/wp-content\\\/uploads\\\/2024\\\/03\\\/WEC-Lines-Logo-2024-DarkBlue-Cyan-rgb.jpg\",\"contentUrl\":\"https:\\\/\\\/weclines.com\\\/wp-content\\\/uploads\\\/2024\\\/03\\\/WEC-Lines-Logo-2024-DarkBlue-Cyan-rgb.jpg\",\"width\":842,\"height\":596,\"caption\":\"WEC Lines\"},\"image\":{\"@id\":\"https:\\\/\\\/weclines.com\\\/es\\\/#\\\/schema\\\/logo\\\/image\\\/\"},\"sameAs\":[\"https:\\\/\\\/www.linkedin.com\\\/company\\\/wec-lines\\\/\"]}]}<\/script>\n<!-- \/ Yoast SEO Premium plugin. -->","yoast_head_json":{"title":"Demoras y Detenciones - WEC Lines","description":"Consulte nuestros gastos locales de demoras, detenci\u00f3n y almacenamiento. Puede filtrar f\u00e1cilmente los importes por puerto o regi\u00f3n.","robots":{"index":"index","follow":"follow","max-snippet":"max-snippet:-1","max-image-preview":"max-image-preview:large","max-video-preview":"max-video-preview:-1"},"canonical":"https:\/\/weclines.com\/es\/rutas-puertos\/demoras-detenciones\/","og_locale":"es_ES","og_type":"article","og_title":"Demoras y Detenciones","og_description":"Consulte nuestros gastos locales de demoras, detenci\u00f3n y almacenamiento. Puede filtrar f\u00e1cilmente los importes por puerto o regi\u00f3n.","og_url":"https:\/\/weclines.com\/es\/rutas-puertos\/demoras-detenciones\/","og_site_name":"WEC Lines","article_modified_time":"2026-02-18T09:44:28+00:00","og_image":[{"width":2500,"height":1875,"url":"https:\/\/weclines.com\/wp-content\/uploads\/2024\/06\/20230919-TINA-BD-2.jpg","type":"image\/jpeg"}],"twitter_card":"summary_large_image","twitter_misc":{"Tiempo de lectura":"1 minuto"},"schema":{"@context":"https:\/\/schema.org","@graph":[{"@type":"WebPage","@id":"https:\/\/weclines.com\/es\/rutas-puertos\/demoras-detenciones\/","url":"https:\/\/weclines.com\/es\/rutas-puertos\/demoras-detenciones\/","name":"Demoras y Detenciones - WEC Lines","isPartOf":{"@id":"https:\/\/weclines.com\/es\/#website"},"primaryImageOfPage":{"@id":"https:\/\/weclines.com\/es\/rutas-puertos\/demoras-detenciones\/#primaryimage"},"image":{"@id":"https:\/\/weclines.com\/es\/rutas-puertos\/demoras-detenciones\/#primaryimage"},"thumbnailUrl":"https:\/\/weclines.com\/wp-content\/uploads\/2024\/06\/20230919-TINA-BD-2.jpg","datePublished":"2026-02-17T16:05:35+00:00","dateModified":"2026-02-18T09:44:28+00:00","description":"Consulte nuestros gastos locales de demoras, detenci\u00f3n y almacenamiento. Puede filtrar f\u00e1cilmente los importes por puerto o regi\u00f3n.","breadcrumb":{"@id":"https:\/\/weclines.com\/es\/rutas-puertos\/demoras-detenciones\/#breadcrumb"},"inLanguage":"es","potentialAction":[{"@type":"ReadAction","target":["https:\/\/weclines.com\/es\/rutas-puertos\/demoras-detenciones\/"]}]},{"@type":"ImageObject","inLanguage":"es","@id":"https:\/\/weclines.com\/es\/rutas-puertos\/demoras-detenciones\/#primaryimage","url":"https:\/\/weclines.com\/wp-content\/uploads\/2024\/06\/20230919-TINA-BD-2.jpg","contentUrl":"https:\/\/weclines.com\/wp-content\/uploads\/2024\/06\/20230919-TINA-BD-2.jpg","width":2500,"height":1875},{"@type":"BreadcrumbList","@id":"https:\/\/weclines.com\/es\/rutas-puertos\/demoras-detenciones\/#breadcrumb","itemListElement":[{"@type":"ListItem","position":1,"name":"Home","item":"https:\/\/weclines.com\/es\/"},{"@type":"ListItem","position":2,"name":"Rutas &amp; Puertos","item":"https:\/\/weclines.com\/es\/rutas-puertos\/"},{"@type":"ListItem","position":3,"name":"Demoras y Detenciones"}]},{"@type":"WebSite","@id":"https:\/\/weclines.com\/es\/#website","url":"https:\/\/weclines.com\/es\/","name":"WEC Lines","description":"Over 50 years of borderless logistics","publisher":{"@id":"https:\/\/weclines.com\/es\/#organization"},"potentialAction":[{"@type":"SearchAction","target":{"@type":"EntryPoint","urlTemplate":"https:\/\/weclines.com\/es\/?s={search_term_string}"},"query-input":{"@type":"PropertyValueSpecification","valueRequired":true,"valueName":"search_term_string"}}],"inLanguage":"es"},{"@type":"Organization","@id":"https:\/\/weclines.com\/es\/#organization","name":"WEC Lines","url":"https:\/\/weclines.com\/es\/","logo":{"@type":"ImageObject","inLanguage":"es","@id":"https:\/\/weclines.com\/es\/#\/schema\/logo\/image\/","url":"https:\/\/weclines.com\/wp-content\/uploads\/2024\/03\/WEC-Lines-Logo-2024-DarkBlue-Cyan-rgb.jpg","contentUrl":"https:\/\/weclines.com\/wp-content\/uploads\/2024\/03\/WEC-Lines-Logo-2024-DarkBlue-Cyan-rgb.jpg","width":842,"height":596,"caption":"WEC Lines"},"image":{"@id":"https:\/\/weclines.com\/es\/#\/schema\/logo\/image\/"},"sameAs":["https:\/\/www.linkedin.com\/company\/wec-lines\/"]}]}},"_links":{"self":[{"href":"https:\/\/weclines.com\/es\/wp-json\/wp\/v2\/pages\/13598","targetHints":{"allow":["GET"]}}],"collection":[{"href":"https:\/\/weclines.com\/es\/wp-json\/wp\/v2\/pages"}],"about":[{"href":"https:\/\/weclines.com\/es\/wp-json\/wp\/v2\/types\/page"}],"author":[{"embeddable":true,"href":"https:\/\/weclines.com\/es\/wp-json\/wp\/v2\/users\/1"}],"replies":[{"embeddable":true,"href":"https:\/\/weclines.com\/es\/wp-json\/wp\/v2\/comments?post=13598"}],"version-history":[{"count":0,"href":"https:\/\/weclines.com\/es\/wp-json\/wp\/v2\/pages\/13598\/revisions"}],"up":[{"embeddable":true,"href":"https:\/\/weclines.com\/es\/wp-json\/wp\/v2\/pages\/75"}],"wp:featuredmedia":[{"embeddable":true,"href":"https:\/\/weclines.com\/es\/wp-json\/wp\/v2\/media\/8248"}],"wp:attachment":[{"href":"https:\/\/weclines.com\/es\/wp-json\/wp\/v2\/media?parent=13598"}],"curies":[{"name":"wp","href":"https:\/\/api.w.org\/{rel}","templated":true}]}}